{"id":9,"date":"2026-05-03T14:45:34","date_gmt":"2026-05-03T12:45:34","guid":{"rendered":"https:\/\/www.daitoryu.dk\/?page_id=9"},"modified":"2026-05-04T04:08:42","modified_gmt":"2026-05-04T02:08:42","slug":"forside","status":"publish","type":"page","link":"https:\/\/www.daitoryu.dk\/","title":{"rendered":"Forside"},"content":{"rendered":"\n<h2 class=\"wp-block-heading\">Kan jeg starte som nybegynder?<\/h2>\n\n\n\n<p>Ja. Du beh\u00f8ver ikke tidligere erfaring med kampkunst. Tr\u00e6ningen kr\u00e6ver almindelig fysisk funktionsevne, men ikke stor styrke, smidighed eller s\u00e6rlig kondition.<\/p>\n\n\n\n<p>Som ny deltager bliver du taget roligt ind i tr\u00e6ningen. Du arbejder sammen med erfarne elever og f\u00e5r mulighed for at m\u00e6rke, hvordan teknikkerne fungerer i kroppen.<\/p>\n\n\n\n<h2 class=\"wp-block-heading\">Tr\u00e6ningstider<\/h2>\n\n\n\n<p><strong>Tirsdag:<\/strong>&nbsp;19:00\u201320:30<br><strong>S\u00f8ndag:<\/strong>&nbsp;16:00\u201317:30<\/p>\n\n\n\n<h2 class=\"wp-block-heading\">Adresse<\/h2>\n\n\n\n<p>Provsteg\u00e5rdskolens gymnastiksal<br>Middelfartvej 180<br>5200 Odense V<\/p>\n\n\n\n<h2 class=\"wp-block-heading\">Hvad tr\u00e6ner vi?<\/h2>\n\n\n\n<p>I Daito-ryu arbejder vi med parader, kast, ledl\u00e5se, balancebrud, timing og kropsstruktur. Grundlaget for tr\u00e6ningen i Ougi No Kai kaldes&nbsp;<strong>Aiki-Basis<\/strong>: en specifik m\u00e5de at bruge kroppens samlede potentiale p\u00e5, s\u00e5 teknikkerne kan udf\u00f8res uden at v\u00e6re afh\u00e6ngige af r\u00e5 styrke.<\/p>\n\n\n\n<h2 class=\"wp-block-heading\">En direkte forbindelse til Okamoto Seigo<\/h2>\n\n\n\n<p>Ougi No Kai blev grundlagt i 2015 af Torben H\u00f8gfeldt Alstrup, som gennem 26 \u00e5r var direkte elev af Okamoto Seigo. Skolen blev oprettet efter Okamotos udtrykte \u00f8nske om, at Torben skulle videref\u00f8re arbejdet med Aiki-Basis.<\/p>\n\n\n\n<div class=\"wp-block-buttons is-layout-flex wp-block-buttons-is-layout-flex\">\n<div class=\"wp-block-button is-style-outline is-style-outline--1\"><a class=\"wp-block-button__link wp-element-button\" href=\"https:\/\/www.daitoryu.dk\/index.php\/grundlaegger\/\">L\u00e6s om grundl\u00e6ggeren<\/a><\/div>\n<\/div>\n\n\n\n<figure class=\"wp-block-image aligncenter size-full\"><img loading=\"lazy\" decoding=\"async\" width=\"600\" height=\"406\" src=\"https:\/\/www.daitoryu.dk\/wp-content\/uploads\/2026\/05\/grades.jpg\" alt=\"\" class=\"wp-image-22\" srcset=\"https:\/\/www.daitoryu.dk\/wp-content\/uploads\/2026\/05\/grades.jpg 600w, https:\/\/www.daitoryu.dk\/wp-content\/uploads\/2026\/05\/grades-300x203.jpg 300w\" sizes=\"auto, (max-width: 600px) 100vw, 600px\" \/><\/figure>\n\n\n\n<h2 class=\"wp-block-heading\">Vil du pr\u00f8ve Daito-ryu?<\/h2>\n\n\n\n<p>Skriv til os og aftal f\u00f8rste fremm\u00f8de. Du kan pr\u00f8ve tr\u00e6ningen i 14 dage, f\u00f8r du beslutter dig.<\/p>\n\n\n\n<p><a href=\"mailto:ouginokai@gmail.com?subject=Pr\u00f8vetime%20i%20Daito-ryu\">ouginokai@gmail.com<\/a><\/p>\n\n\n\n<div class=\"wp-block-buttons is-layout-flex wp-block-buttons-is-layout-flex\">\n<div class=\"wp-block-button\"><a class=\"wp-block-button__link wp-element-button\" href=\"mailto:ouginokai@gmail.com?subject=Pr\u00f8vetime%20i%20Daito-ryu\">Book en pr\u00f8vetime<\/a><\/div>\n\n\n\n<div class=\"wp-block-button is-style-outline is-style-outline--2\"><a class=\"wp-block-button__link wp-element-button\" href=\"https:\/\/www.daitoryu.dk\/index.php\/proevetraening\/\">L\u00e6s mere om pr\u00f8vetr\u00e6ning<\/a><\/div>\n<\/div>\n","protected":false},"excerpt":{"rendered":"<p>Kan jeg starte som nybegynder? Ja. Du beh\u00f8ver ikke tidligere erfaring med kampkunst. Tr\u00e6ningen kr\u00e6ver almindelig fysisk funktionsevne, men ikke stor styrke, smidighed eller s\u00e6rlig kondition. Som ny deltager bliver du taget roligt ind i tr\u00e6ningen. Du arbejder sammen med erfarne elever og f\u00e5r mulighed for at m\u00e6rke, hvordan teknikkerne fungerer i kroppen. Tr\u00e6ningstider Tirsdag:&nbsp;19:00\u201320:30S\u00f8ndag:&nbsp;16:00\u201317:30 [&hellip;]<\/p>\n","protected":false},"author":1,"featured_media":0,"parent":0,"menu_order":0,"comment_status":"closed","ping_status":"closed","template":"","meta":{"footnotes":""},"class_list":["post-9","page","type-page","status-publish","hentry"],"_links":{"self":[{"href":"https:\/\/www.daitoryu.dk\/index.php\/wp-json\/wp\/v2\/pages\/9","targetHints":{"allow":["GET"]}}],"collection":[{"href":"https:\/\/www.daitoryu.dk\/index.php\/wp-json\/wp\/v2\/pages"}],"about":[{"href":"https:\/\/www.daitoryu.dk\/index.php\/wp-json\/wp\/v2\/types\/page"}],"author":[{"embeddable":true,"href":"https:\/\/www.daitoryu.dk\/index.php\/wp-json\/wp\/v2\/users\/1"}],"replies":[{"embeddable":true,"href":"https:\/\/www.daitoryu.dk\/index.php\/wp-json\/wp\/v2\/comments?post=9"}],"version-history":[{"count":23,"href":"https:\/\/www.daitoryu.dk\/index.php\/wp-json\/wp\/v2\/pages\/9\/revisions"}],"predecessor-version":[{"id":126,"href":"https:\/\/www.daitoryu.dk\/index.php\/wp-json\/wp\/v2\/pages\/9\/revisions\/126"}],"wp:attachment":[{"href":"https:\/\/www.daitoryu.dk\/index.php\/wp-json\/wp\/v2\/media?parent=9"}],"curies":[{"name":"wp","href":"https:\/\/api.w.org\/{rel}","templated":true}]}}