{"id":71,"date":"2026-05-03T19:01:51","date_gmt":"2026-05-03T17:01:51","guid":{"rendered":"https:\/\/www.daitoryu.dk\/?page_id=71"},"modified":"2026-05-03T22:17:37","modified_gmt":"2026-05-03T20:17:37","slug":"grundlaegger","status":"publish","type":"page","link":"https:\/\/www.daitoryu.dk\/index.php\/grundlaegger\/","title":{"rendered":"Grundl\u00e6gger"},"content":{"rendered":"\n<h2 class=\"wp-block-heading\">Grundl\u00e6gger<\/h2>\n\n\n\n<p>Ougi No Kai er en autentisk Daito-ryu Aikijujutsu skole grundlagt 28. maj 2015 af Torben H\u00f8gfeldt Alstrup, der gennem 26 \u00e5r var direkte elev af Okamoto Seigo frem til dennes d\u00f8d 16. januar 2015.<\/p>\n\n\n\n<figure class=\"wp-block-image aligncenter size-full\"><img loading=\"lazy\" decoding=\"async\" width=\"600\" height=\"319\" src=\"https:\/\/www.daitoryu.dk\/wp-content\/uploads\/2026\/05\/torben.jpg\" alt=\"\" class=\"wp-image-35\" srcset=\"https:\/\/www.daitoryu.dk\/wp-content\/uploads\/2026\/05\/torben.jpg 600w, https:\/\/www.daitoryu.dk\/wp-content\/uploads\/2026\/05\/torben-300x160.jpg 300w\" sizes=\"auto, (max-width: 600px) 100vw, 600px\" \/><\/figure>\n\n\n\n<figure class=\"wp-block-image aligncenter size-full\"><img loading=\"lazy\" decoding=\"async\" width=\"600\" height=\"600\" src=\"https:\/\/www.daitoryu.dk\/wp-content\/uploads\/2026\/05\/okamoto2.jpg\" alt=\"\" class=\"wp-image-27\" srcset=\"https:\/\/www.daitoryu.dk\/wp-content\/uploads\/2026\/05\/okamoto2.jpg 600w, https:\/\/www.daitoryu.dk\/wp-content\/uploads\/2026\/05\/okamoto2-300x300.jpg 300w, https:\/\/www.daitoryu.dk\/wp-content\/uploads\/2026\/05\/okamoto2-150x150.jpg 150w\" sizes=\"auto, (max-width: 600px) 100vw, 600px\" \/><\/figure>\n\n\n\n<p>Under flere af sine mange m\u00f8der og privatlektioner med Okamoto Seigo, udtrykte Okamoto \u00f8nsket om at Torben skulle oprette sin egen uafh\u00e6ngige Daito-ryu Aikijujutsu skole og videref\u00f8re Aiki-Basis &#8211; s\u00e5 essensen ikke gik tabt n\u00e5r Okamoto engang var borte.<\/p>\n\n\n\n<figure class=\"wp-block-image aligncenter size-full\"><img loading=\"lazy\" decoding=\"async\" width=\"600\" height=\"429\" src=\"https:\/\/www.daitoryu.dk\/wp-content\/uploads\/2026\/05\/okamoto3.jpg\" alt=\"\" class=\"wp-image-28\" srcset=\"https:\/\/www.daitoryu.dk\/wp-content\/uploads\/2026\/05\/okamoto3.jpg 600w, https:\/\/www.daitoryu.dk\/wp-content\/uploads\/2026\/05\/okamoto3-300x215.jpg 300w\" sizes=\"auto, (max-width: 600px) 100vw, 600px\" \/><\/figure>\n\n\n\n<p>For at f\u00f8lge Okamotos \u00f8nske har Torben H\u00f8gfeldt Alstrup derfor grundlagt Ougi No Kai med form\u00e5let at videref\u00f8re essensen i Okamoto Seigos Daito Ryu Aikijujutsu.<\/p>\n\n\n\n<p>Ougi No Kai tr\u00e6der ikke blot i Okamotos fodspor for at bevare det forgangne men arbejder progressivt med det, Okamoto har l\u00e6rt os.<\/p>\n\n\n\n<blockquote class=\"wp-block-quote is-style-default is-layout-flow wp-block-quote-is-layout-flow\">\n<p>Seek not the paths of the ancients; Seek that which the ancients sought.<\/p>\n<cite><sub>MATSUO BASHO (1644-1694)<\/sub><\/cite><\/blockquote>\n","protected":false},"excerpt":{"rendered":"<p>Grundl\u00e6gger Ougi No Kai er en autentisk Daito-ryu Aikijujutsu skole grundlagt 28. maj 2015 af Torben H\u00f8gfeldt Alstrup, der gennem 26 \u00e5r var direkte elev af Okamoto Seigo frem til dennes d\u00f8d 16. januar 2015. Under flere af sine mange m\u00f8der og privatlektioner med Okamoto Seigo, udtrykte Okamoto \u00f8nsket om at Torben skulle oprette sin [&hellip;]<\/p>\n","protected":false},"author":1,"featured_media":0,"parent":0,"menu_order":0,"comment_status":"closed","ping_status":"closed","template":"","meta":{"footnotes":""},"class_list":["post-71","page","type-page","status-publish","hentry"],"_links":{"self":[{"href":"https:\/\/www.daitoryu.dk\/index.php\/wp-json\/wp\/v2\/pages\/71","targetHints":{"allow":["GET"]}}],"collection":[{"href":"https:\/\/www.daitoryu.dk\/index.php\/wp-json\/wp\/v2\/pages"}],"about":[{"href":"https:\/\/www.daitoryu.dk\/index.php\/wp-json\/wp\/v2\/types\/page"}],"author":[{"embeddable":true,"href":"https:\/\/www.daitoryu.dk\/index.php\/wp-json\/wp\/v2\/users\/1"}],"replies":[{"embeddable":true,"href":"https:\/\/www.daitoryu.dk\/index.php\/wp-json\/wp\/v2\/comments?post=71"}],"version-history":[{"count":5,"href":"https:\/\/www.daitoryu.dk\/index.php\/wp-json\/wp\/v2\/pages\/71\/revisions"}],"predecessor-version":[{"id":130,"href":"https:\/\/www.daitoryu.dk\/index.php\/wp-json\/wp\/v2\/pages\/71\/revisions\/130"}],"wp:attachment":[{"href":"https:\/\/www.daitoryu.dk\/index.php\/wp-json\/wp\/v2\/media?parent=71"}],"curies":[{"name":"wp","href":"https:\/\/api.w.org\/{rel}","templated":true}]}}