{"id":70,"date":"2026-05-03T19:01:57","date_gmt":"2026-05-03T17:01:57","guid":{"rendered":"https:\/\/www.daitoryu.dk\/?page_id=70"},"modified":"2026-05-03T21:34:56","modified_gmt":"2026-05-03T19:34:56","slug":"om-daito-ryu","status":"publish","type":"page","link":"https:\/\/www.daitoryu.dk\/index.php\/om-daito-ryu\/","title":{"rendered":"Om Daito-ryu"},"content":{"rendered":"\n<h2 class=\"wp-block-heading\">Oprindelse<\/h2>\n\n\n\n<blockquote class=\"wp-block-quote is-layout-flow wp-block-quote-is-layout-flow\">\n<p>I fodsporene af Yoshimitsu, Takeda, Kodo og Okamoto.<\/p>\n<\/blockquote>\n\n\n\n<p>Der har v\u00e6ret tradition for hemmeligholdelse af kampteknikker blandt de japanske klaner &#8211;\u00a0og man har praktiseret \u2019Jikiden\u2019 \u2013 den direkte transmission af viden fra l\u00e6reren til eleven. Daito-ryu blev derfor f\u00f8rst offentligt kendt i 1900-tallets Japan.<\/p>\n\n\n\n<figure class=\"wp-block-image aligncenter size-full\"><img loading=\"lazy\" decoding=\"async\" width=\"271\" height=\"372\" src=\"https:\/\/www.daitoryu.dk\/wp-content\/uploads\/2026\/05\/yoshimitsu.jpg\" alt=\"\" class=\"wp-image-36\" srcset=\"https:\/\/www.daitoryu.dk\/wp-content\/uploads\/2026\/05\/yoshimitsu.jpg 271w, https:\/\/www.daitoryu.dk\/wp-content\/uploads\/2026\/05\/yoshimitsu-219x300.jpg 219w\" sizes=\"auto, (max-width: 271px) 100vw, 271px\" \/><\/figure>\n\n\n\n<blockquote class=\"wp-block-quote is-layout-flow wp-block-quote-is-layout-flow\">\n<p><\/p>\n<\/blockquote>\n\n\n\n<p><strong>Shinra Minamoto No Yoshimitsu (1045-1127)<\/strong>, en af kejser Seiwas efterkommere, studerede menneskets anatomi ved at bes\u00f8ge slagmarker og henretttelsespladser og dissekere de d\u00f8des kroppe. Desuden studerede han, hvordan en s\u00e6rlig edderkoppeart indfangede byttedyr i sit spindelv\u00e6v. Yoshimitsu indarbejdede den viden han fik fra sine studier i familiens kampkunststilart og l\u00e6rte det videre til sine s\u00f8nner under navnet Daito-Ryu. Hans \u00e6ldste s\u00f8n, Yoshikiyo, grundlagde Takeda-familielinjen hos Minamoto-klanen, og Daito-ryu stilarten blev videref\u00f8rt og hemmeligholdt gennem flere generationer i Takeda klanen.<\/p>\n\n\n\n<figure class=\"wp-block-image aligncenter size-full\"><img loading=\"lazy\" decoding=\"async\" width=\"720\" height=\"488\" src=\"https:\/\/www.daitoryu.dk\/wp-content\/uploads\/2026\/05\/takeda.jpg\" alt=\"\" class=\"wp-image-34\" srcset=\"https:\/\/www.daitoryu.dk\/wp-content\/uploads\/2026\/05\/takeda.jpg 720w, https:\/\/www.daitoryu.dk\/wp-content\/uploads\/2026\/05\/takeda-300x203.jpg 300w\" sizes=\"auto, (max-width: 720px) 100vw, 720px\" \/><\/figure>\n\n\n\n<blockquote class=\"wp-block-quote is-layout-flow wp-block-quote-is-layout-flow\">\n<p><\/p>\n<\/blockquote>\n\n\n\n<p><strong>Takeda Sokaku (1859-1943)<\/strong>\u00a0er en historisk skikkelse i Japan &#8211; han blev undervist i Daito-ryu under sin opv\u00e6kst og anses for v\u00e6rende den 35. stormester af Daito-ryu traditionen. Takeda rejste meget og l\u00e6rte forskellige kampstilarter at kende, og han anvendte sin kunnen i praksis n\u00e5r han blev overfaldet eller udfordret til kamp. Takeda blev kendt for sine evner i kamp og underviste til udvalgte personer og grupper inden for milit\u00e6ret, politiet og aristokratiet. Han tr\u00e6nede hver elev med blik for elevens individuelle kropstype og kapacitet. En af Sokakus elever var Horikawa Kodo.<\/p>\n\n\n\n<figure class=\"wp-block-image aligncenter size-full\"><img loading=\"lazy\" decoding=\"async\" width=\"600\" height=\"411\" src=\"https:\/\/www.daitoryu.dk\/wp-content\/uploads\/2026\/05\/kodo.jpg\" alt=\"\" class=\"wp-image-23\" srcset=\"https:\/\/www.daitoryu.dk\/wp-content\/uploads\/2026\/05\/kodo.jpg 600w, https:\/\/www.daitoryu.dk\/wp-content\/uploads\/2026\/05\/kodo-300x206.jpg 300w\" sizes=\"auto, (max-width: 600px) 100vw, 600px\" \/><\/figure>\n\n\n\n<p><strong>Horikawa Kodo (1894-1980)<\/strong>\u00a0blev f\u00f8dt i Kitami p\u00e5 \u00f8en Hokkaido, Japan. Han blev opl\u00e6rt i jujutsu af sin far og derefter af Takeda Sokaku gennem mange \u00e5r, hvorefter han grundlagde organisationen Daito-ryu Aikijujutsu Kodokai. Kodo var ikke s\u00e6rlig h\u00f8j og Takeda fortalte Kodo, at han blev n\u00f8dt til at mestre Aiki p\u00e5 grund af sin lave h\u00f8jde og underviste derfor Kodo i Aiki principper. Kodos teknikker blev kendt som diskrete, effektive og st\u00e6rke.<\/p>\n\n\n\n<figure class=\"wp-block-image aligncenter size-full\"><img loading=\"lazy\" decoding=\"async\" width=\"640\" height=\"618\" src=\"https:\/\/www.daitoryu.dk\/wp-content\/uploads\/2026\/05\/okamoto.jpg\" alt=\"\" class=\"wp-image-26\" srcset=\"https:\/\/www.daitoryu.dk\/wp-content\/uploads\/2026\/05\/okamoto.jpg 640w, https:\/\/www.daitoryu.dk\/wp-content\/uploads\/2026\/05\/okamoto-300x290.jpg 300w\" sizes=\"auto, (max-width: 640px) 100vw, 640px\" \/><\/figure>\n\n\n\n<p><strong>Okamoto Seigo (1925-2015)<\/strong>&nbsp;meldte sig som 38-\u00e5rig ind i Kodos organisation Kodokai i 1963 og modtog undervisning i Daito-ryu Aikijujutsu. Han steg med tiden i rang, fik private lektioner med Kodo og var en af Kodos topelever. Kort f\u00f8r sin d\u00f8d bad Kodo Okamoto om at arbejde for at udbrede kendskabet til Daito-ryu Aikijujutsu, da Kodo frygtede at teknikkerne ellers ville g\u00e5 tabt med tiden.<\/p>\n\n\n\n<p>Efter Kodos d\u00f8d etablerede Okamoto Seigo sig i Tokyo med organisationen Daito-ryu Aikijujutsu Roppokai og etablerede adskillige afdelinger i Japan s\u00e5vel som i udlandet, herunder ogs\u00e5 Danmark. Han udgav flere b\u00f8ger og videoer og hans sidste udgivelse var \u201dMy Daito-ryu Aikijujutsu \u2013 Autobiography of Okamoto Seigo\u201d (2010).<\/p>\n\n\n\n<p>Okamoto Seigo arbejdede progressivt og udviklede nye teknikker og tr\u00e6ningsformer. Han fordrede af andre og af sig selv at yde sit bedste, konstant at str\u00e6be efter at blive dygtigere og at bevare en ydmyg indstilling til tr\u00e6ningen. Okamoto udtrykte engang ved et bes\u00f8g hos Torben, at han \u2019langsomt var ved at n\u00e6rme sig sin mesters (Kodos) niveau\u2019.<\/p>\n\n\n\n<p><\/p>\n","protected":false},"excerpt":{"rendered":"<p>Oprindelse I fodsporene af Yoshimitsu, Takeda, Kodo og Okamoto. Der har v\u00e6ret tradition for hemmeligholdelse af kampteknikker blandt de japanske klaner &#8211;\u00a0og man har praktiseret \u2019Jikiden\u2019 \u2013 den direkte transmission af viden fra l\u00e6reren til eleven. Daito-ryu blev derfor f\u00f8rst offentligt kendt i 1900-tallets Japan. Shinra Minamoto No Yoshimitsu (1045-1127), en af kejser Seiwas efterkommere, [&hellip;]<\/p>\n","protected":false},"author":1,"featured_media":0,"parent":0,"menu_order":0,"comment_status":"closed","ping_status":"closed","template":"","meta":{"footnotes":""},"class_list":["post-70","page","type-page","status-publish","hentry"],"_links":{"self":[{"href":"https:\/\/www.daitoryu.dk\/index.php\/wp-json\/wp\/v2\/pages\/70","targetHints":{"allow":["GET"]}}],"collection":[{"href":"https:\/\/www.daitoryu.dk\/index.php\/wp-json\/wp\/v2\/pages"}],"about":[{"href":"https:\/\/www.daitoryu.dk\/index.php\/wp-json\/wp\/v2\/types\/page"}],"author":[{"embeddable":true,"href":"https:\/\/www.daitoryu.dk\/index.php\/wp-json\/wp\/v2\/users\/1"}],"replies":[{"embeddable":true,"href":"https:\/\/www.daitoryu.dk\/index.php\/wp-json\/wp\/v2\/comments?post=70"}],"version-history":[{"count":4,"href":"https:\/\/www.daitoryu.dk\/index.php\/wp-json\/wp\/v2\/pages\/70\/revisions"}],"predecessor-version":[{"id":117,"href":"https:\/\/www.daitoryu.dk\/index.php\/wp-json\/wp\/v2\/pages\/70\/revisions\/117"}],"wp:attachment":[{"href":"https:\/\/www.daitoryu.dk\/index.php\/wp-json\/wp\/v2\/media?parent=70"}],"curies":[{"name":"wp","href":"https:\/\/api.w.org\/{rel}","templated":true}]}}