{"id":61,"date":"2026-05-03T18:42:51","date_gmt":"2026-05-03T16:42:51","guid":{"rendered":"https:\/\/www.daitoryu.dk\/?page_id=61"},"modified":"2026-05-04T04:07:24","modified_gmt":"2026-05-04T02:07:24","slug":"proevetraening","status":"publish","type":"page","link":"https:\/\/www.daitoryu.dk\/index.php\/proevetraening\/","title":{"rendered":"Pr\u00f8vetr\u00e6ning"},"content":{"rendered":"\n<h2 class=\"wp-block-heading\">Pr\u00f8v Daito-ryu i Odense<\/h2>\n\n\n\n<p>14 dages uforpligtende pr\u00f8vetid.<\/p>\n\n\n\n<h2 class=\"wp-block-heading\">Hvem er det for?<\/h2>\n\n\n\n<p>Voksne der interesserer sig for japansk kampkunst, kropsstruktur, koncentration, selvudvikling, teknisk tr\u00e6ning.<\/p>\n\n\n\n<h2 class=\"wp-block-heading\">Hvordan foreg\u00e5r det f\u00f8rste gang?<\/h2>\n\n\n\n<p>M\u00f8d op 10-15 minutter f\u00f8r tr\u00e6ningsstart. Kl\u00e6d om til tr\u00e6ningst\u00f8j og deltag stille og roligt i tr\u00e6ningen. N\u00e5r tr\u00e6ningen starter introducerer vi dig til vores tr\u00e6ningsmetode, og du kan arbejde med teknikkerne i den grad du kan v\u00e6re med.<\/p>\n\n\n\n<h2 class=\"wp-block-heading\">Hvad skal jeg have p\u00e5?<\/h2>\n\n\n\n<p>Tag t\u00f8j p\u00e5 du kan bev\u00e6ge dig i, uden lynl\u00e5se eller andre skarpe kanter der kan ridse.<\/p>\n\n\n\n<h2 class=\"wp-block-heading\">Pr\u00f8veperiode<\/h2>\n\n\n\n<p>Pr\u00f8veperiode varer 14 dage hvor du kan pr\u00f8ve om tr\u00e6ningen er noget for dig.<\/p>\n\n\n\n<h2 class=\"wp-block-heading\">Indmeldelse<\/h2>\n\n\n\n<p>\u00d8nsker du at forts\u00e6tte tr\u00e6ningen efter pr\u00f8veperioden, bliver du indmeldt. Herefter bliver du opkr\u00e6vet et m\u00e5nedligt kontingent.<\/p>\n\n\n\n<h2 class=\"wp-block-heading\">Priser<\/h2>\n\n\n\n<figure class=\"wp-block-table\"><table class=\"has-fixed-layout\"><tbody><tr><td>Studerende<\/td><td>100 kr\/m\u00e5ned<\/td><\/tr><tr><td>Alder 16+<\/td><td>100 kr\/m\u00e5ned<\/td><\/tr><tr><td>Alder 18+<\/td><td>150 kr\/m\u00e5ned<\/td><\/tr><\/tbody><\/table><\/figure>\n\n\n\n<h2 class=\"wp-block-heading\">Vil du pr\u00f8ve Daito-ryu?<\/h2>\n\n\n\n<p>Er du interesseret i at pr\u00f8ve Daito-ryu, kan du sende en email til <a href=\"mailto:ouginokai@gmail.com?subject=Pr\u00f8vetime%20i%20Daito-ryu\">ouginokai@gmail.com<\/a> for at aftale f\u00f8rste fremm\u00f8de.<\/p>\n\n\n\n<div class=\"wp-block-buttons is-layout-flex wp-block-buttons-is-layout-flex\">\n<div class=\"wp-block-button\"><a class=\"wp-block-button__link wp-element-button\" href=\"mailto:ouginokai@gmail.com?subject=Pr\u00f8vetime%20i%20Daito-ryu\">Book en pr\u00f8vetime<\/a><\/div>\n<\/div>\n","protected":false},"excerpt":{"rendered":"<p>Pr\u00f8v Daito-ryu i Odense 14 dages uforpligtende pr\u00f8vetid. Hvem er det for? Voksne der interesserer sig for japansk kampkunst, kropsstruktur, koncentration, selvudvikling, teknisk tr\u00e6ning. Hvordan foreg\u00e5r det f\u00f8rste gang? M\u00f8d op 10-15 minutter f\u00f8r tr\u00e6ningsstart. Kl\u00e6d om til tr\u00e6ningst\u00f8j og deltag stille og roligt i tr\u00e6ningen. N\u00e5r tr\u00e6ningen starter introducerer vi dig til vores tr\u00e6ningsmetode, [&hellip;]<\/p>\n","protected":false},"author":1,"featured_media":0,"parent":0,"menu_order":0,"comment_status":"closed","ping_status":"closed","template":"","meta":{"footnotes":""},"class_list":["post-61","page","type-page","status-publish","hentry"],"_links":{"self":[{"href":"https:\/\/www.daitoryu.dk\/index.php\/wp-json\/wp\/v2\/pages\/61","targetHints":{"allow":["GET"]}}],"collection":[{"href":"https:\/\/www.daitoryu.dk\/index.php\/wp-json\/wp\/v2\/pages"}],"about":[{"href":"https:\/\/www.daitoryu.dk\/index.php\/wp-json\/wp\/v2\/types\/page"}],"author":[{"embeddable":true,"href":"https:\/\/www.daitoryu.dk\/index.php\/wp-json\/wp\/v2\/users\/1"}],"replies":[{"embeddable":true,"href":"https:\/\/www.daitoryu.dk\/index.php\/wp-json\/wp\/v2\/comments?post=61"}],"version-history":[{"count":16,"href":"https:\/\/www.daitoryu.dk\/index.php\/wp-json\/wp\/v2\/pages\/61\/revisions"}],"predecessor-version":[{"id":125,"href":"https:\/\/www.daitoryu.dk\/index.php\/wp-json\/wp\/v2\/pages\/61\/revisions\/125"}],"wp:attachment":[{"href":"https:\/\/www.daitoryu.dk\/index.php\/wp-json\/wp\/v2\/media?parent=61"}],"curies":[{"name":"wp","href":"https:\/\/api.w.org\/{rel}","templated":true}]}}